{"id":7008,"date":"2024-03-18T14:51:43","date_gmt":"2024-03-18T14:51:43","guid":{"rendered":"http:\/\/comercio2.es\/?page_id=7008"},"modified":"2024-10-16T18:10:31","modified_gmt":"2024-10-16T18:10:31","slug":"financiacion","status":"publish","type":"page","link":"https:\/\/clinicaventuroli.com\/?page_id=7008","title":{"rendered":"Financiaci\u00f3n"},"content":{"rendered":"\t\t<div data-elementor-type=\"wp-page\" data-elementor-id=\"7008\" class=\"elementor elementor-7008\">\n\t\t\t\t\t\t<section class=\"elementor-section elementor-top-section elementor-element elementor-element-68b5249 elementor-section-height-min-height elementor-section-full_width elementor-section-content-middle elementor-section-height-default elementor-section-items-middle\" data-id=\"68b5249\" data-element_type=\"section\" data-settings=\"{&quot;background_background&quot;:&quot;classic&quot;}\">\n\t\t\t\t\t\t<div class=\"elementor-container elementor-column-gap-default\">\n\t\t\t\t\t<div class=\"elementor-column elementor-col-100 elementor-top-column elementor-element elementor-element-84b3e15\" data-id=\"84b3e15\" data-element_type=\"column\">\n\t\t\t<div class=\"elementor-widget-wrap elementor-element-populated\">\n\t\t\t\t\t\t<div class=\"elementor-element elementor-element-81a0434 elementor-absolute elementor-widget elementor-widget-heading\" data-id=\"81a0434\" data-element_type=\"widget\" data-settings=\"{&quot;_position&quot;:&quot;absolute&quot;}\" data-widget_type=\"heading.default\">\n\t\t\t\t<div class=\"elementor-widget-container\">\n\t\t\t<h2 class=\"elementor-heading-title elementor-size-default\">Financiaci\u00f3n<\/h2>\t\t<\/div>\n\t\t\t\t<\/div>\n\t\t\t\t\t<\/div>\n\t\t<\/div>\n\t\t\t\t\t<\/div>\n\t\t<\/section>\n\t\t\t\t<section class=\"elementor-section elementor-top-section elementor-element elementor-element-e1bd979 elementor-section-full_width elementor-section-height-min-height elementor-section-height-default elementor-section-items-middle\" data-id=\"e1bd979\" data-element_type=\"section\">\n\t\t\t\t\t\t<div class=\"elementor-container elementor-column-gap-wider\">\n\t\t\t\t\t<div class=\"elementor-column elementor-col-50 elementor-top-column elementor-element elementor-element-58e3b2e\" data-id=\"58e3b2e\" data-element_type=\"column\">\n\t\t\t<div class=\"elementor-widget-wrap elementor-element-populated\">\n\t\t\t\t\t\t<div class=\"elementor-element elementor-element-05cd6f4 elementor-widget elementor-widget-heading\" data-id=\"05cd6f4\" data-element_type=\"widget\" data-widget_type=\"heading.default\">\n\t\t\t\t<div class=\"elementor-widget-container\">\n\t\t\t<h2 class=\"elementor-heading-title elementor-size-default\">Financiamos a su medida<\/h2>\t\t<\/div>\n\t\t\t\t<\/div>\n\t\t\t\t<div class=\"elementor-element elementor-element-c842367 elementor-widget__width-initial elementor-widget-mobile__width-initial elementor-widget elementor-widget-text-editor\" data-id=\"c842367\" data-element_type=\"widget\" data-widget_type=\"text-editor.default\">\n\t\t\t\t<div class=\"elementor-widget-container\">\n\t\t\t\t\t\t\t<p><span style=\"color: var( --e-global-color-text );\">\u00a0<\/span><\/p><blockquote><span style=\"color: var( --e-global-color-text );\">En Cl\u00ednica Venturoli, entendemos la importancia de hacer que tus sue\u00f1os de belleza sean alcanzables y sin complicaciones. Por eso, ofrecemos:<\/span><\/blockquote><blockquote><span style=\"color: var( --e-global-color-text );\"> <b>\u00abFinanciamiento de hasta 5 a\u00f1os para cualquier tratamiento o cirug\u00eda\u00bb<\/b>.<\/span><\/blockquote><blockquote><span style=\"color: var( --e-global-color-text );\"> Adem\u00e1s, te brindamos la posibilidad de<\/span><\/blockquote><blockquote><i style=\"color: var( --e-global-color-text );\"><b>\u00abFinanciar hasta 2000\u20ac sin intereses, con solo presentar tu DNI\u00bb<\/b><\/i><span style=\"color: var( --e-global-color-text );\">.<\/span><\/blockquote><blockquote><span style=\"color: var( --e-global-color-text );\"> Priorizamos tu comodidad y bienestar, asegurando que puedas alcanzar tus objetivos est\u00e9ticos sin barreras financieras.<\/span><\/blockquote>\t\t\t\t\t\t<\/div>\n\t\t\t\t<\/div>\n\t\t\t\t<div class=\"elementor-element elementor-element-3393c08 elementor-align-right elementor-widget elementor-widget-button\" data-id=\"3393c08\" data-element_type=\"widget\" data-widget_type=\"button.default\">\n\t\t\t\t<div class=\"elementor-widget-container\">\n\t\t\t\t\t<div class=\"elementor-button-wrapper\">\n\t\t\t<a class=\"elementor-button elementor-button-link elementor-size-sm\" href=\"https:\/\/clinicaventuroli.com\/contacto\/\">\n\t\t\t\t\t\t<span class=\"elementor-button-content-wrapper\">\n\t\t\t\t\t\t\t\t\t<span class=\"elementor-button-text\">\u2501 Saber m\u00e1s<\/span>\n\t\t\t\t\t<\/span>\n\t\t\t\t\t<\/a>\n\t\t<\/div>\n\t\t\t\t<\/div>\n\t\t\t\t<\/div>\n\t\t\t\t\t<\/div>\n\t\t<\/div>\n\t\t\t\t<div class=\"elementor-column elementor-col-50 elementor-top-column elementor-element elementor-element-f339eee\" data-id=\"f339eee\" data-element_type=\"column\">\n\t\t\t<div class=\"elementor-widget-wrap elementor-element-populated\">\n\t\t\t\t\t\t<section class=\"elementor-section elementor-inner-section elementor-element elementor-element-a099fdf elementor-section-height-min-height elementor-reverse-mobile elementor-section-boxed elementor-section-height-default\" data-id=\"a099fdf\" data-element_type=\"section\">\n\t\t\t\t\t\t<div class=\"elementor-container elementor-column-gap-default\">\n\t\t\t\t\t<div class=\"elementor-column elementor-col-50 elementor-inner-column elementor-element elementor-element-1eed029\" data-id=\"1eed029\" data-element_type=\"column\">\n\t\t\t<div class=\"elementor-widget-wrap elementor-element-populated\">\n\t\t\t\t\t\t<div class=\"elementor-element elementor-element-461925f elementor-widget elementor-widget-image\" data-id=\"461925f\" data-element_type=\"widget\" data-widget_type=\"image.default\">\n\t\t\t\t<div class=\"elementor-widget-container\">\n\t\t\t\t\t\t\t\t\t\t\t\t\t<img fetchpriority=\"high\" decoding=\"async\" width=\"1179\" height=\"1632\" src=\"https:\/\/clinicaventuroli.com\/wp-content\/uploads\/GetPaidStock.com-65f8344253bb3-1-e1710773714771.jpg\" class=\"attachment-full size-full wp-image-7016\" alt=\"\" srcset=\"https:\/\/clinicaventuroli.com\/wp-content\/uploads\/GetPaidStock.com-65f8344253bb3-1-e1710773714771.jpg 1179w, https:\/\/clinicaventuroli.com\/wp-content\/uploads\/GetPaidStock.com-65f8344253bb3-1-e1710773714771-217x300.jpg 217w, https:\/\/clinicaventuroli.com\/wp-content\/uploads\/GetPaidStock.com-65f8344253bb3-1-e1710773714771-740x1024.jpg 740w, https:\/\/clinicaventuroli.com\/wp-content\/uploads\/GetPaidStock.com-65f8344253bb3-1-e1710773714771-768x1063.jpg 768w, https:\/\/clinicaventuroli.com\/wp-content\/uploads\/GetPaidStock.com-65f8344253bb3-1-e1710773714771-1110x1536.jpg 1110w\" sizes=\"(max-width: 1179px) 100vw, 1179px\" \/>\t\t\t\t\t\t\t\t\t\t\t\t\t<\/div>\n\t\t\t\t<\/div>\n\t\t\t\t\t<\/div>\n\t\t<\/div>\n\t\t\t\t<div class=\"elementor-column elementor-col-50 elementor-inner-column elementor-element elementor-element-57cd521\" data-id=\"57cd521\" data-element_type=\"column\">\n\t\t\t<div class=\"elementor-widget-wrap elementor-element-populated\">\n\t\t\t\t\t\t<div class=\"elementor-element elementor-element-ce0ecdb elementor-widget elementor-widget-image\" data-id=\"ce0ecdb\" data-element_type=\"widget\" data-widget_type=\"image.default\">\n\t\t\t\t<div class=\"elementor-widget-container\">\n\t\t\t\t\t\t\t\t\t\t\t\t\t<img decoding=\"async\" width=\"459\" height=\"612\" src=\"https:\/\/clinicaventuroli.com\/wp-content\/uploads\/istockphoto-1473369818-612x612-1.jpg\" class=\"attachment-full size-full wp-image-7126\" alt=\"\" srcset=\"https:\/\/clinicaventuroli.com\/wp-content\/uploads\/istockphoto-1473369818-612x612-1.jpg 459w, https:\/\/clinicaventuroli.com\/wp-content\/uploads\/istockphoto-1473369818-612x612-1-225x300.jpg 225w\" sizes=\"(max-width: 459px) 100vw, 459px\" \/>\t\t\t\t\t\t\t\t\t\t\t\t\t<\/div>\n\t\t\t\t<\/div>\n\t\t\t\t\t<\/div>\n\t\t<\/div>\n\t\t\t\t\t<\/div>\n\t\t<\/section>\n\t\t\t\t\t<\/div>\n\t\t<\/div>\n\t\t\t\t\t<\/div>\n\t\t<\/section>\n\t\t\t\t<section class=\"elementor-section elementor-top-section elementor-element elementor-element-b2eb2ee elementor-section-boxed elementor-section-height-default elementor-section-height-default\" data-id=\"b2eb2ee\" data-element_type=\"section\">\n\t\t\t\t\t\t<div class=\"elementor-container elementor-column-gap-default\">\n\t\t\t\t\t<div class=\"elementor-column elementor-col-100 elementor-top-column elementor-element elementor-element-6efdba5\" data-id=\"6efdba5\" data-element_type=\"column\">\n\t\t\t<div class=\"elementor-widget-wrap\">\n\t\t\t\t\t\t\t<\/div>\n\t\t<\/div>\n\t\t\t\t\t<\/div>\n\t\t<\/section>\n\t\t\t\t<\/div>\n\t\t","protected":false},"excerpt":{"rendered":"<p>Financiaci\u00f3n Financiamos a su medida \u00a0 En Cl\u00ednica Venturoli, entendemos la importancia de hacer que tus sue\u00f1os de belleza sean alcanzables y sin complicaciones. Por eso, ofrecemos: \u00abFinanciamiento de hasta 5 a\u00f1os para cualquier tratamiento o cirug\u00eda\u00bb. Adem\u00e1s, te brindamos la posibilidad de \u00abFinanciar hasta 2000\u20ac sin intereses, con solo presentar tu DNI\u00bb. Priorizamos tu [&hellip;]<\/p>\n","protected":false},"author":5,"featured_media":0,"parent":0,"menu_order":0,"comment_status":"closed","ping_status":"closed","template":"elementor_header_footer","meta":{"footnotes":""},"class_list":["post-7008","page","type-page","status-publish","hentry"],"yoast_head":"<!-- This site is optimized with the Yoast SEO plugin v23.6 - https:\/\/yoast.com\/wordpress\/plugins\/seo\/ -->\n<title>Financiaci\u00f3n - Clinica Venturoli<\/title>\n<meta name=\"robots\" content=\"index, follow, max-snippet:-1, max-image-preview:large, max-video-preview:-1\" \/>\n<link rel=\"canonical\" href=\"https:\/\/clinicaventuroli.com\/?page_id=7008\" \/>\n<meta property=\"og:locale\" content=\"es_ES\" \/>\n<meta property=\"og:type\" content=\"article\" \/>\n<meta property=\"og:title\" content=\"Financiaci\u00f3n - Clinica Venturoli\" \/>\n<meta property=\"og:description\" content=\"Financiaci\u00f3n Financiamos a su medida \u00a0 En Cl\u00ednica Venturoli, entendemos la importancia de hacer que tus sue\u00f1os de belleza sean alcanzables y sin complicaciones. Por eso, ofrecemos: \u00abFinanciamiento de hasta 5 a\u00f1os para cualquier tratamiento o cirug\u00eda\u00bb. Adem\u00e1s, te brindamos la posibilidad de \u00abFinanciar hasta 2000\u20ac sin intereses, con solo presentar tu DNI\u00bb. Priorizamos tu [&hellip;]\" \/>\n<meta property=\"og:url\" content=\"https:\/\/clinicaventuroli.com\/?page_id=7008\" \/>\n<meta property=\"og:site_name\" content=\"Clinica Venturoli\" \/>\n<meta property=\"article:modified_time\" content=\"2024-10-16T18:10:31+00:00\" \/>\n<meta property=\"og:image\" content=\"https:\/\/clinicaventuroli.com\/wp-content\/uploads\/GetPaidStock.com-65f8344253bb3-1-e1710773714771.jpg\" \/>\n<meta name=\"twitter:card\" content=\"summary_large_image\" \/>\n<script type=\"application\/ld+json\" class=\"yoast-schema-graph\">{\"@context\":\"https:\/\/schema.org\",\"@graph\":[{\"@type\":\"WebPage\",\"@id\":\"https:\/\/clinicaventuroli.com\/?page_id=7008\",\"url\":\"https:\/\/clinicaventuroli.com\/?page_id=7008\",\"name\":\"Financiaci\u00f3n - Clinica Venturoli\",\"isPartOf\":{\"@id\":\"https:\/\/clinicaventuroli.com\/#website\"},\"primaryImageOfPage\":{\"@id\":\"https:\/\/clinicaventuroli.com\/?page_id=7008#primaryimage\"},\"image\":{\"@id\":\"https:\/\/clinicaventuroli.com\/?page_id=7008#primaryimage\"},\"thumbnailUrl\":\"https:\/\/clinicaventuroli.com\/wp-content\/uploads\/GetPaidStock.com-65f8344253bb3-1-e1710773714771.jpg\",\"datePublished\":\"2024-03-18T14:51:43+00:00\",\"dateModified\":\"2024-10-16T18:10:31+00:00\",\"breadcrumb\":{\"@id\":\"https:\/\/clinicaventuroli.com\/?page_id=7008#breadcrumb\"},\"inLanguage\":\"es\",\"potentialAction\":[{\"@type\":\"ReadAction\",\"target\":[\"https:\/\/clinicaventuroli.com\/?page_id=7008\"]}]},{\"@type\":\"ImageObject\",\"inLanguage\":\"es\",\"@id\":\"https:\/\/clinicaventuroli.com\/?page_id=7008#primaryimage\",\"url\":\"https:\/\/clinicaventuroli.com\/wp-content\/uploads\/GetPaidStock.com-65f8344253bb3-1-e1710773714771.jpg\",\"contentUrl\":\"https:\/\/clinicaventuroli.com\/wp-content\/uploads\/GetPaidStock.com-65f8344253bb3-1-e1710773714771.jpg\",\"width\":1179,\"height\":1632},{\"@type\":\"BreadcrumbList\",\"@id\":\"https:\/\/clinicaventuroli.com\/?page_id=7008#breadcrumb\",\"itemListElement\":[{\"@type\":\"ListItem\",\"position\":1,\"name\":\"Portada\",\"item\":\"https:\/\/clinicaventuroli.com\/\"},{\"@type\":\"ListItem\",\"position\":2,\"name\":\"Financiaci\u00f3n\"}]},{\"@type\":\"WebSite\",\"@id\":\"https:\/\/clinicaventuroli.com\/#website\",\"url\":\"https:\/\/clinicaventuroli.com\/\",\"name\":\"Clinica Venturoli\",\"description\":\"Clinica Venturoli, cirug\u00eda pl\u00e1stica y medicina est\u00e9tica en Huelva con m\u00e1s de 30 a\u00f1os de experiencia, Nuestra filosof\u00eda de trabajo consiste en dar prioridad al cliente.\",\"publisher\":{\"@id\":\"https:\/\/clinicaventuroli.com\/#organization\"},\"potentialAction\":[{\"@type\":\"SearchAction\",\"target\":{\"@type\":\"EntryPoint\",\"urlTemplate\":\"https:\/\/clinicaventuroli.com\/?s={search_term_string}\"},\"query-input\":{\"@type\":\"PropertyValueSpecification\",\"valueRequired\":true,\"valueName\":\"search_term_string\"}}],\"inLanguage\":\"es\"},{\"@type\":\"Organization\",\"@id\":\"https:\/\/clinicaventuroli.com\/#organization\",\"name\":\"Clinica Venturoli\",\"url\":\"https:\/\/clinicaventuroli.com\/\",\"logo\":{\"@type\":\"ImageObject\",\"inLanguage\":\"es\",\"@id\":\"https:\/\/clinicaventuroli.com\/#\/schema\/logo\/image\/\",\"url\":\"https:\/\/clinicaventuroli.com\/wp-content\/uploads\/LOgo-Venuroli-verde.png\",\"contentUrl\":\"https:\/\/clinicaventuroli.com\/wp-content\/uploads\/LOgo-Venuroli-verde.png\",\"width\":357,\"height\":222,\"caption\":\"Clinica Venturoli\"},\"image\":{\"@id\":\"https:\/\/clinicaventuroli.com\/#\/schema\/logo\/image\/\"},\"sameAs\":[\"https:\/\/www.instagram.com\/clinicaventuroli\/?hl=es\"]}]}<\/script>\n<!-- \/ Yoast SEO plugin. -->","yoast_head_json":{"title":"Financiaci\u00f3n - Clinica Venturoli","robots":{"index":"index","follow":"follow","max-snippet":"max-snippet:-1","max-image-preview":"max-image-preview:large","max-video-preview":"max-video-preview:-1"},"canonical":"https:\/\/clinicaventuroli.com\/?page_id=7008","og_locale":"es_ES","og_type":"article","og_title":"Financiaci\u00f3n - Clinica Venturoli","og_description":"Financiaci\u00f3n Financiamos a su medida \u00a0 En Cl\u00ednica Venturoli, entendemos la importancia de hacer que tus sue\u00f1os de belleza sean alcanzables y sin complicaciones. Por eso, ofrecemos: \u00abFinanciamiento de hasta 5 a\u00f1os para cualquier tratamiento o cirug\u00eda\u00bb. Adem\u00e1s, te brindamos la posibilidad de \u00abFinanciar hasta 2000\u20ac sin intereses, con solo presentar tu DNI\u00bb. Priorizamos tu [&hellip;]","og_url":"https:\/\/clinicaventuroli.com\/?page_id=7008","og_site_name":"Clinica Venturoli","article_modified_time":"2024-10-16T18:10:31+00:00","og_image":[{"url":"https:\/\/clinicaventuroli.com\/wp-content\/uploads\/GetPaidStock.com-65f8344253bb3-1-e1710773714771.jpg"}],"twitter_card":"summary_large_image","schema":{"@context":"https:\/\/schema.org","@graph":[{"@type":"WebPage","@id":"https:\/\/clinicaventuroli.com\/?page_id=7008","url":"https:\/\/clinicaventuroli.com\/?page_id=7008","name":"Financiaci\u00f3n - Clinica Venturoli","isPartOf":{"@id":"https:\/\/clinicaventuroli.com\/#website"},"primaryImageOfPage":{"@id":"https:\/\/clinicaventuroli.com\/?page_id=7008#primaryimage"},"image":{"@id":"https:\/\/clinicaventuroli.com\/?page_id=7008#primaryimage"},"thumbnailUrl":"https:\/\/clinicaventuroli.com\/wp-content\/uploads\/GetPaidStock.com-65f8344253bb3-1-e1710773714771.jpg","datePublished":"2024-03-18T14:51:43+00:00","dateModified":"2024-10-16T18:10:31+00:00","breadcrumb":{"@id":"https:\/\/clinicaventuroli.com\/?page_id=7008#breadcrumb"},"inLanguage":"es","potentialAction":[{"@type":"ReadAction","target":["https:\/\/clinicaventuroli.com\/?page_id=7008"]}]},{"@type":"ImageObject","inLanguage":"es","@id":"https:\/\/clinicaventuroli.com\/?page_id=7008#primaryimage","url":"https:\/\/clinicaventuroli.com\/wp-content\/uploads\/GetPaidStock.com-65f8344253bb3-1-e1710773714771.jpg","contentUrl":"https:\/\/clinicaventuroli.com\/wp-content\/uploads\/GetPaidStock.com-65f8344253bb3-1-e1710773714771.jpg","width":1179,"height":1632},{"@type":"BreadcrumbList","@id":"https:\/\/clinicaventuroli.com\/?page_id=7008#breadcrumb","itemListElement":[{"@type":"ListItem","position":1,"name":"Portada","item":"https:\/\/clinicaventuroli.com\/"},{"@type":"ListItem","position":2,"name":"Financiaci\u00f3n"}]},{"@type":"WebSite","@id":"https:\/\/clinicaventuroli.com\/#website","url":"https:\/\/clinicaventuroli.com\/","name":"Clinica Venturoli","description":"Clinica Venturoli, cirug\u00eda pl\u00e1stica y medicina est\u00e9tica en Huelva con m\u00e1s de 30 a\u00f1os de experiencia, Nuestra filosof\u00eda de trabajo consiste en dar prioridad al cliente.","publisher":{"@id":"https:\/\/clinicaventuroli.com\/#organization"},"potentialAction":[{"@type":"SearchAction","target":{"@type":"EntryPoint","urlTemplate":"https:\/\/clinicaventuroli.com\/?s={search_term_string}"},"query-input":{"@type":"PropertyValueSpecification","valueRequired":true,"valueName":"search_term_string"}}],"inLanguage":"es"},{"@type":"Organization","@id":"https:\/\/clinicaventuroli.com\/#organization","name":"Clinica Venturoli","url":"https:\/\/clinicaventuroli.com\/","logo":{"@type":"ImageObject","inLanguage":"es","@id":"https:\/\/clinicaventuroli.com\/#\/schema\/logo\/image\/","url":"https:\/\/clinicaventuroli.com\/wp-content\/uploads\/LOgo-Venuroli-verde.png","contentUrl":"https:\/\/clinicaventuroli.com\/wp-content\/uploads\/LOgo-Venuroli-verde.png","width":357,"height":222,"caption":"Clinica Venturoli"},"image":{"@id":"https:\/\/clinicaventuroli.com\/#\/schema\/logo\/image\/"},"sameAs":["https:\/\/www.instagram.com\/clinicaventuroli\/?hl=es"]}]}},"_links":{"self":[{"href":"https:\/\/clinicaventuroli.com\/index.php?rest_route=\/wp\/v2\/pages\/7008","targetHints":{"allow":["GET"]}}],"collection":[{"href":"https:\/\/clinicaventuroli.com\/index.php?rest_route=\/wp\/v2\/pages"}],"about":[{"href":"https:\/\/clinicaventuroli.com\/index.php?rest_route=\/wp\/v2\/types\/page"}],"author":[{"embeddable":true,"href":"https:\/\/clinicaventuroli.com\/index.php?rest_route=\/wp\/v2\/users\/5"}],"replies":[{"embeddable":true,"href":"https:\/\/clinicaventuroli.com\/index.php?rest_route=%2Fwp%2Fv2%2Fcomments&post=7008"}],"version-history":[{"count":83,"href":"https:\/\/clinicaventuroli.com\/index.php?rest_route=\/wp\/v2\/pages\/7008\/revisions"}],"predecessor-version":[{"id":7933,"href":"https:\/\/clinicaventuroli.com\/index.php?rest_route=\/wp\/v2\/pages\/7008\/revisions\/7933"}],"wp:attachment":[{"href":"https:\/\/clinicaventuroli.com\/index.php?rest_route=%2Fwp%2Fv2%2Fmedia&parent=7008"}],"curies":[{"name":"wp","href":"https:\/\/api.w.org\/{rel}","templated":true}]}}